{"id":318,"date":"2022-07-15T15:09:08","date_gmt":"2022-07-15T13:09:08","guid":{"rendered":"https:\/\/www.marketsummarybycatella.com\/?page_id=318"},"modified":"2022-10-07T13:24:44","modified_gmt":"2022-10-07T11:24:44","slug":"legal-notices","status":"publish","type":"page","link":"https:\/\/www.marketsummarybycatella.com\/en\/legal-notices\/","title":{"rendered":"Legal notices"},"content":{"rendered":"<p><strong>You are currently connected to a website developed for Catella Property.<\/strong><\/p>\n<ul>\n<li><strong>Website editor and host\u00a0<\/strong>: Catella Property<\/li>\n<\/ul>\n<p>Simplified joint-stock company (French Soci\u00e9t\u00e9 par Actions Simplifi\u00e9es, SAS) with a capital of EUR 40.000<\/p>\n<ul>\n<li><strong>Head office<\/strong><\/li>\n<\/ul>\n<p>4 rue de Lasteyrie 75116 Paris France<\/p>\n<p>SIREN number : 435 339 114<br \/>\nSIRET number 435 339 11400058<br \/>\nA.P.E. : 6831 Z<\/p>\n<p><strong>Publication manager :<\/strong>\u00a0Mr. St\u00e9phane GUYOT-SIONNEST and Mr. Emmanuel SCHREDER<\/p>\n<p><strong>Communication and marketing manager :<\/strong>\u00a0Mrs Oc\u00e9ane Vinson<\/p>\n<ul>\n<li><strong>Cookies :<\/strong><\/li>\n<\/ul>\n<p>A cookie is a small data file stored locally on your computer. Cookies are used to provided you customized information by allowing the visited computer server to identify you. You can visit the website\u00a0<a href=\"http:\/\/www.marketsummarybycatella.com\/\">www.marketsummarybycatella.com<\/a>\u00a0and deactivate this option in your navigator settings.<\/p>\n<p>The website content was established by MBE Conseil for Catella Property. Information has been carefully verified.<br \/>\nCatella and MBE Conseil can not be held liable for any potential errors.<\/p>\n","protected":false},"excerpt":{"rendered":"<p>You are currently connected to a website developed for Catella Property. Website editor and host\u00a0: Catella Property Simplified joint-stock company (French Soci\u00e9t\u00e9 par Actions Simplifi\u00e9es, SAS) with a capital of EUR 40.000 Head office 4 rue de Lasteyrie 75116 Paris France SIREN number : 435 339 114 SIRET number 435 339 11400058 A.P.E. : 6831 [&hellip;]<\/p>\n","protected":false},"author":1,"featured_media":0,"parent":0,"menu_order":0,"comment_status":"closed","ping_status":"closed","template":"","meta":{"_acf_changed":false,"footnotes":""},"class_list":["post-318","page","type-page","status-publish","hentry"],"acf":[],"yoast_head":"<!-- This site is optimized with the Yoast SEO plugin v26.3 - https:\/\/yoast.com\/wordpress\/plugins\/seo\/ -->\n<title>Legal notices | Market summary by Catella<\/title>\n<meta name=\"robots\" content=\"index, follow, max-snippet:-1, max-image-preview:large, max-video-preview:-1\" \/>\n<link rel=\"canonical\" href=\"https:\/\/www.marketsummarybycatella.com\/en\/legal-notices\/\" \/>\n<meta property=\"og:locale\" content=\"en_US\" \/>\n<meta property=\"og:type\" content=\"article\" \/>\n<meta property=\"og:title\" content=\"Legal notices | Market summary by Catella\" \/>\n<meta property=\"og:description\" content=\"You are currently connected to a website developed for Catella Property. Website editor and host\u00a0: Catella Property Simplified joint-stock company (French Soci\u00e9t\u00e9 par Actions Simplifi\u00e9es, SAS) with a capital of EUR 40.000 Head office 4 rue de Lasteyrie 75116 Paris France SIREN number : 435 339 114 SIRET number 435 339 11400058 A.P.E. : 6831 [&hellip;]\" \/>\n<meta property=\"og:url\" content=\"https:\/\/www.marketsummarybycatella.com\/en\/legal-notices\/\" \/>\n<meta property=\"og:site_name\" content=\"Market summary by Catella\" \/>\n<meta property=\"article:modified_time\" content=\"2022-10-07T11:24:44+00:00\" \/>\n<meta name=\"twitter:card\" content=\"summary_large_image\" \/>\n<meta name=\"twitter:label1\" content=\"Est. reading time\" \/>\n\t<meta name=\"twitter:data1\" content=\"1 minute\" \/>\n<script type=\"application\/ld+json\" class=\"yoast-schema-graph\">{\"@context\":\"https:\/\/schema.org\",\"@graph\":[{\"@type\":\"WebPage\",\"@id\":\"https:\/\/www.marketsummarybycatella.com\/en\/legal-notices\/\",\"url\":\"https:\/\/www.marketsummarybycatella.com\/en\/legal-notices\/\",\"name\":\"Legal notices | Market summary by Catella\",\"isPartOf\":{\"@id\":\"https:\/\/www.marketsummarybycatella.com\/#website\"},\"datePublished\":\"2022-07-15T13:09:08+00:00\",\"dateModified\":\"2022-10-07T11:24:44+00:00\",\"breadcrumb\":{\"@id\":\"https:\/\/www.marketsummarybycatella.com\/en\/legal-notices\/#breadcrumb\"},\"inLanguage\":\"en-US\",\"potentialAction\":[{\"@type\":\"ReadAction\",\"target\":[\"https:\/\/www.marketsummarybycatella.com\/en\/legal-notices\/\"]}]},{\"@type\":\"BreadcrumbList\",\"@id\":\"https:\/\/www.marketsummarybycatella.com\/en\/legal-notices\/#breadcrumb\",\"itemListElement\":[{\"@type\":\"ListItem\",\"position\":1,\"name\":\"Home\",\"item\":\"https:\/\/www.marketsummarybycatella.com\/en\/\"},{\"@type\":\"ListItem\",\"position\":2,\"name\":\"Legal notices\"}]},{\"@type\":\"WebSite\",\"@id\":\"https:\/\/www.marketsummarybycatella.com\/#website\",\"url\":\"https:\/\/www.marketsummarybycatella.com\/\",\"name\":\"Market summary by Catella\",\"description\":\"En collaboration avec MBE Conseil\",\"publisher\":{\"@id\":\"https:\/\/www.marketsummarybycatella.com\/#organization\"},\"potentialAction\":[{\"@type\":\"SearchAction\",\"target\":{\"@type\":\"EntryPoint\",\"urlTemplate\":\"https:\/\/www.marketsummarybycatella.com\/?s={search_term_string}\"},\"query-input\":{\"@type\":\"PropertyValueSpecification\",\"valueRequired\":true,\"valueName\":\"search_term_string\"}}],\"inLanguage\":\"en-US\"},{\"@type\":\"Organization\",\"@id\":\"https:\/\/www.marketsummarybycatella.com\/#organization\",\"name\":\"Market summary by Catella\",\"url\":\"https:\/\/www.marketsummarybycatella.com\/\",\"logo\":{\"@type\":\"ImageObject\",\"inLanguage\":\"en-US\",\"@id\":\"https:\/\/www.marketsummarybycatella.com\/#\/schema\/logo\/image\/\",\"url\":\"https:\/\/www.marketsummarybycatella.com\/wp-content\/uploads\/2022\/03\/logo.jpg\",\"contentUrl\":\"https:\/\/www.marketsummarybycatella.com\/wp-content\/uploads\/2022\/03\/logo.jpg\",\"width\":460,\"height\":440,\"caption\":\"Market summary by Catella\"},\"image\":{\"@id\":\"https:\/\/www.marketsummarybycatella.com\/#\/schema\/logo\/image\/\"}}]}<\/script>\n<!-- \/ Yoast SEO plugin. -->","yoast_head_json":{"title":"Legal notices | Market summary by Catella","robots":{"index":"index","follow":"follow","max-snippet":"max-snippet:-1","max-image-preview":"max-image-preview:large","max-video-preview":"max-video-preview:-1"},"canonical":"https:\/\/www.marketsummarybycatella.com\/en\/legal-notices\/","og_locale":"en_US","og_type":"article","og_title":"Legal notices | Market summary by Catella","og_description":"You are currently connected to a website developed for Catella Property. Website editor and host\u00a0: Catella Property Simplified joint-stock company (French Soci\u00e9t\u00e9 par Actions Simplifi\u00e9es, SAS) with a capital of EUR 40.000 Head office 4 rue de Lasteyrie 75116 Paris France SIREN number : 435 339 114 SIRET number 435 339 11400058 A.P.E. : 6831 [&hellip;]","og_url":"https:\/\/www.marketsummarybycatella.com\/en\/legal-notices\/","og_site_name":"Market summary by Catella","article_modified_time":"2022-10-07T11:24:44+00:00","twitter_card":"summary_large_image","twitter_misc":{"Est. reading time":"1 minute"},"schema":{"@context":"https:\/\/schema.org","@graph":[{"@type":"WebPage","@id":"https:\/\/www.marketsummarybycatella.com\/en\/legal-notices\/","url":"https:\/\/www.marketsummarybycatella.com\/en\/legal-notices\/","name":"Legal notices | Market summary by Catella","isPartOf":{"@id":"https:\/\/www.marketsummarybycatella.com\/#website"},"datePublished":"2022-07-15T13:09:08+00:00","dateModified":"2022-10-07T11:24:44+00:00","breadcrumb":{"@id":"https:\/\/www.marketsummarybycatella.com\/en\/legal-notices\/#breadcrumb"},"inLanguage":"en-US","potentialAction":[{"@type":"ReadAction","target":["https:\/\/www.marketsummarybycatella.com\/en\/legal-notices\/"]}]},{"@type":"BreadcrumbList","@id":"https:\/\/www.marketsummarybycatella.com\/en\/legal-notices\/#breadcrumb","itemListElement":[{"@type":"ListItem","position":1,"name":"Home","item":"https:\/\/www.marketsummarybycatella.com\/en\/"},{"@type":"ListItem","position":2,"name":"Legal notices"}]},{"@type":"WebSite","@id":"https:\/\/www.marketsummarybycatella.com\/#website","url":"https:\/\/www.marketsummarybycatella.com\/","name":"Market summary by Catella","description":"En collaboration avec MBE Conseil","publisher":{"@id":"https:\/\/www.marketsummarybycatella.com\/#organization"},"potentialAction":[{"@type":"SearchAction","target":{"@type":"EntryPoint","urlTemplate":"https:\/\/www.marketsummarybycatella.com\/?s={search_term_string}"},"query-input":{"@type":"PropertyValueSpecification","valueRequired":true,"valueName":"search_term_string"}}],"inLanguage":"en-US"},{"@type":"Organization","@id":"https:\/\/www.marketsummarybycatella.com\/#organization","name":"Market summary by Catella","url":"https:\/\/www.marketsummarybycatella.com\/","logo":{"@type":"ImageObject","inLanguage":"en-US","@id":"https:\/\/www.marketsummarybycatella.com\/#\/schema\/logo\/image\/","url":"https:\/\/www.marketsummarybycatella.com\/wp-content\/uploads\/2022\/03\/logo.jpg","contentUrl":"https:\/\/www.marketsummarybycatella.com\/wp-content\/uploads\/2022\/03\/logo.jpg","width":460,"height":440,"caption":"Market summary by Catella"},"image":{"@id":"https:\/\/www.marketsummarybycatella.com\/#\/schema\/logo\/image\/"}}]}},"_links":{"self":[{"href":"https:\/\/www.marketsummarybycatella.com\/en\/wp-json\/wp\/v2\/pages\/318","targetHints":{"allow":["GET"]}}],"collection":[{"href":"https:\/\/www.marketsummarybycatella.com\/en\/wp-json\/wp\/v2\/pages"}],"about":[{"href":"https:\/\/www.marketsummarybycatella.com\/en\/wp-json\/wp\/v2\/types\/page"}],"author":[{"embeddable":true,"href":"https:\/\/www.marketsummarybycatella.com\/en\/wp-json\/wp\/v2\/users\/1"}],"replies":[{"embeddable":true,"href":"https:\/\/www.marketsummarybycatella.com\/en\/wp-json\/wp\/v2\/comments?post=318"}],"version-history":[{"count":5,"href":"https:\/\/www.marketsummarybycatella.com\/en\/wp-json\/wp\/v2\/pages\/318\/revisions"}],"predecessor-version":[{"id":484,"href":"https:\/\/www.marketsummarybycatella.com\/en\/wp-json\/wp\/v2\/pages\/318\/revisions\/484"}],"wp:attachment":[{"href":"https:\/\/www.marketsummarybycatella.com\/en\/wp-json\/wp\/v2\/media?parent=318"}],"curies":[{"name":"wp","href":"https:\/\/api.w.org\/{rel}","templated":true}]}}