{"id":267,"date":"2022-03-31T11:46:53","date_gmt":"2022-03-31T09:46:53","guid":{"rendered":"https:\/\/www.marketsummarybycatella.com\/?page_id=267"},"modified":"2022-10-07T13:26:28","modified_gmt":"2022-10-07T11:26:28","slug":"privacy-policy","status":"publish","type":"page","link":"https:\/\/www.marketsummarybycatella.com\/en\/privacy-policy\/","title":{"rendered":"Privacy policy"},"content":{"rendered":"\r\n<h1 class=\"wp-block-heading\">Privacy Policy<\/h1>\r\n<p>This document explains inform you about CATELLA PROPERTY policy on the collection, use and disclosure of personal data (\u00ab\u00a0Privacy Policy\u00a0\u00bb).<\/p>\r\n<p>The Privacy Policy applies for the collection of your data by CATELLA PROPERTY when you visit the website\u00a0<a href=\"http:\/\/www.marketsummarybycatella.com\/\">http:\/\/www.marketsummarybycatella.com\/<\/a><\/p>\r\n<p>The Privacy Policy allows you to know easily, clearly, and transparently about the origin and use of the information we process and the rights you have.<\/p>\r\n<p>The Privacy Policy may be modified to reflect changes in the Applicable Regulations or changes to our services. If there are significant changes, we will inform you by all means.<br \/>\u00a0<\/p>\r\n<h2><strong>1. DEFINITIONS<\/strong><\/h2>\r\n<p>&nbsp;<\/p>\r\n<ul>\r\n<li><strong>\u00a0\u00ab Personal Data \u00bb :<\/strong><\/li>\r\n<\/ul>\r\n<p>Refers to any information relating to any identified or identifiable natural person. an identifiable natural person is one who can be identified, directly or indirectly, in particular by reference to an identifier such as a name, an identification number, location data, an online identifier or to one or more factors specific to the physical, physiological, genetic, mental, economic, cultural or social identity of that natural person.<\/p>\r\n<p>&nbsp;<\/p>\r\n<ul>\r\n<li><strong>\u00ab Data subject \u00bb :<\/strong><\/li>\r\n<\/ul>\r\n<p>Refers to any identified or identifiable natural person whose personal data are processed by CATELLA PROPERTY.<\/p>\r\n<p>&nbsp;<\/p>\r\n<ul>\r\n<li><strong>\u00ab Applicable regulations \u00bb :<\/strong><\/li>\r\n<\/ul>\r\n<p>Refers to the applicable regulation for data processing, particularly the \u00ab\u00a0loi n\u00b078-17 du 6 janvier 1978 relative \u00e0 l\u2019Informatique, aux fichiers et aux Libert\u00e9s\u00a0\u00bb and the General Data Protection Regulation.<\/p>\r\n<p>&nbsp;<\/p>\r\n<ul>\r\n<li><strong>\u00ab Processing \u00bb :<\/strong><\/li>\r\n<\/ul>\r\n<div>\r\n<p>Means any operation or set of operations which is performed on personal data or on sets of personal data, whether or not by automated means, such as collection, recording, organization, structuring, storage, adaptation or alteration, retrieval, consultation, use, disclosure by transmission, dissemination or otherwise making available, alignment or combination, restriction, erasure or destruction<\/p>\r\n<p>&nbsp;<\/p>\r\n<\/div>\r\n<h2><strong>2. PERSONAL DATA PROTECTION<\/strong><\/h2>\r\n<p>&nbsp;<\/p>\r\n<p>Accordingly to the General Data Protection Regulation, the data controller is CATELLA PROPERTY\u00a0legally registered as: \u00ab CATELLA PROPERTY, S.A.S Soci\u00e9t\u00e9 par Actions Simplifi\u00e9e au capital de 40.000\u20ac, dont le si\u00e8ge social est 4, rue de Lasteyrie 75116 PARIS, enregistr\u00e9e au RCS de Paris sous le num\u00e9ro 435\u00a0339\u00a0114\u00a0\u00bb\u00a0<\/p>\r\n<p>&nbsp;<\/p>\r\n<p>CATELLA PROPERTY uses many security measures to process your data in compliance with the General Data Protection Regulation and ensure a level of security adapted to the risks for your personal data against loss, abuse, unauthorized access, disclosure, and amendments.<\/p>\r\n<p>&nbsp;<\/p>\r\n<h3><strong>2.1 &#8211; What Personal Data do we collect ?<\/strong><\/h3>\r\n<p>When you contact us by email, we collect the following personal data:<\/p>\r\n<ul>\r\n<li>e-mail address<\/li>\r\n<li>request message<\/li>\r\n<\/ul>\r\n<p>&nbsp;<\/p>\r\n<p>When your downloads one of our file, for example for our annual study, we collect the following data :<\/p>\r\n<ul>\r\n<li>e-mail adress<\/li>\r\n<\/ul>\r\n<h3><strong>2.2 &#8211; Why do we collect your Personal Data? On what legal base ?<\/strong><\/h3>\r\n<p>&nbsp;<\/p>\r\n<p>Your personal data are collected for the following needs :<\/p>\r\n<p><u>Fulfill your request\u00a0:<\/u><\/p>\r\n<p><em>(On the legal basis of your consent)<\/em><\/p>\r\n<p>&nbsp;<\/p>\r\n<p>When you send us an email you have expressly consented to the Processing of your Personal Data by PROPERTY. This data will be processed in order to respond to your request on the legal basis of your consent.<br \/>\u00a0<\/p>\r\n<p><u>Allow you to download documents made by Catella Property :<\/u><\/p>\r\n<p><em>(On the legal basis of your consent)<\/em><\/p>\r\n<p>&nbsp;<\/p>\r\n<p>When you fill out the form to download one of our files you have expressly consented to the Processing of your Personal Data by CATELLA PROPERTY.<\/p>\r\n<p>&nbsp;<\/p>\r\n<p><u>Allow you to exercise your rights :<\/u><\/p>\r\n<p><em>(On the legal basis of a legal obligation)<\/em><\/p>\r\n<p>&nbsp;<\/p>\r\n<p>We will process some of your Personal Data to enable you to exercise the rights provided for in the Applicable Regulations and detailed in Article 2.5.<\/p>\r\n<p>&nbsp;<\/p>\r\n<h3><strong>2.3 &#8211; Who are the recipients of your Personal Data ?<\/strong><\/h3>\r\n<p>&nbsp;<\/p>\r\n<p>Your Personal Data is processed by authorized persons of CATELLA PROPERTY, its suppliers, subcontractors and, upon request, legally authorized administrative or judicial authorities.<\/p>\r\n<p>Your Personal Data are not transferred to countries outside the European Union or to countries that do not have an adequate level of protection with the Applicable Regulations.<\/p>\r\n<p>However, if all or part of CATELLA PROPERTY is sold or transferred to a third party, your Personal Data may be transferred to that third party in compliance with the Applicable Regulations.<\/p>\r\n<p>&nbsp;<\/p>\r\n<h3><strong>2.4 &#8211; How long do we keep your Personal Data ?<\/strong><\/h3>\r\n<p>&nbsp;<\/p>\r\n<p>We retain your Personal Data for a period strictly necessary for the purposes set out in Article 2.2 and in accordance with the Applicable Regulations.<\/p>\r\n<p>After these deadlines, we will archive your Personal Data and store your data for the time necessary to fulfil our legal obligations or to safeguard or defend our rights (for example, for the duration of a litigation).<\/p>\r\n<p>If you exercise your right to erasure or object, Your Personal Data will be deleted from our active database but may be retained for the applicable prescription period or the retention period imposed on us by law and will be stored in our archives.<\/p>\r\n<p>&nbsp;<\/p>\r\n<h3><strong>2.5 &#8211; What are your rights under the Applicable Regulations ?<\/strong><\/h3>\r\n<p>&nbsp;<\/p>\r\n<p>In accordance with and within the conditions and limits provided by the Applicable Regulations, you have a right to :<br \/>\u00a0<\/p>\r\n<ul>\r\n<li>access to your Personal Data.<\/li>\r\n<li>rectify, complete, and update your Personal Data.<\/li>\r\n<li>object to the Processing of your Personal Data for prospecting purposes, including profiling to the extent that it is related to such prospecting.<\/li>\r\n<li>ask us to delete your Personal Data.<\/li>\r\n<li>ask us to limit the Processing of your Personal Data.<\/li>\r\n<li>ask us for the portability of the Personal Data that you have voluntarily provided to us.<\/li>\r\n<li>file a complaint with the CNIL.<\/li>\r\n<li>withdraw your consent to the Processing of your Personal Data where such Processing is based on consent. You will therefore no longer be able to benefit from our services related to this consent.<\/li>\r\n<li>Define specific guidelines for the retention, erasure, and communication of your Personal Data after your death.\r\n<p>&nbsp;<\/p>\r\n<\/li>\r\n<\/ul>\r\n<p>To exercise your rights with CATELLA PROPERTY, you can send your signed request, accompanied by a proof (only the back in black and white) to certify your identity, by email to the address :\u00a0<strong><a href=\"mailto:info@catella.fr\">info@catella.fr<\/a><\/strong><\/p>\r\n","protected":false},"excerpt":{"rendered":"<p>Privacy Policy This document explains inform you about CATELLA PROPERTY policy on the collection, use and disclosure of personal data (\u00ab\u00a0Privacy Policy\u00a0\u00bb). The Privacy Policy applies for the collection of your data by CATELLA PROPERTY when you visit the website\u00a0http:\/\/www.marketsummarybycatella.com\/ The Privacy Policy allows you to know easily, clearly, and transparently about the origin and [&hellip;]<\/p>\n","protected":false},"author":1,"featured_media":0,"parent":0,"menu_order":0,"comment_status":"closed","ping_status":"closed","template":"","meta":{"_acf_changed":false,"footnotes":""},"class_list":["post-267","page","type-page","status-publish","hentry"],"acf":[],"yoast_head":"<!-- This site is optimized with the Yoast SEO plugin v26.3 - https:\/\/yoast.com\/wordpress\/plugins\/seo\/ -->\n<title>Privacy policy | Market summary by Catella<\/title>\n<meta name=\"robots\" content=\"index, follow, max-snippet:-1, max-image-preview:large, max-video-preview:-1\" \/>\n<link rel=\"canonical\" href=\"https:\/\/www.marketsummarybycatella.com\/en\/privacy-policy\/\" \/>\n<meta property=\"og:locale\" content=\"en_US\" \/>\n<meta property=\"og:type\" content=\"article\" \/>\n<meta property=\"og:title\" content=\"Privacy policy | Market summary by Catella\" \/>\n<meta property=\"og:description\" content=\"Privacy Policy This document explains inform you about CATELLA PROPERTY policy on the collection, use and disclosure of personal data (\u00ab\u00a0Privacy Policy\u00a0\u00bb). The Privacy Policy applies for the collection of your data by CATELLA PROPERTY when you visit the website\u00a0http:\/\/www.marketsummarybycatella.com\/ The Privacy Policy allows you to know easily, clearly, and transparently about the origin and [&hellip;]\" \/>\n<meta property=\"og:url\" content=\"https:\/\/www.marketsummarybycatella.com\/en\/privacy-policy\/\" \/>\n<meta property=\"og:site_name\" content=\"Market summary by Catella\" \/>\n<meta property=\"article:modified_time\" content=\"2022-10-07T11:26:28+00:00\" \/>\n<meta name=\"twitter:card\" content=\"summary_large_image\" \/>\n<meta name=\"twitter:label1\" content=\"Est. reading time\" \/>\n\t<meta name=\"twitter:data1\" content=\"5 minutes\" \/>\n<script type=\"application\/ld+json\" class=\"yoast-schema-graph\">{\"@context\":\"https:\/\/schema.org\",\"@graph\":[{\"@type\":\"WebPage\",\"@id\":\"https:\/\/www.marketsummarybycatella.com\/en\/privacy-policy\/\",\"url\":\"https:\/\/www.marketsummarybycatella.com\/en\/privacy-policy\/\",\"name\":\"Privacy policy | Market summary by Catella\",\"isPartOf\":{\"@id\":\"https:\/\/www.marketsummarybycatella.com\/#website\"},\"datePublished\":\"2022-03-31T09:46:53+00:00\",\"dateModified\":\"2022-10-07T11:26:28+00:00\",\"breadcrumb\":{\"@id\":\"https:\/\/www.marketsummarybycatella.com\/en\/privacy-policy\/#breadcrumb\"},\"inLanguage\":\"en-US\",\"potentialAction\":[{\"@type\":\"ReadAction\",\"target\":[\"https:\/\/www.marketsummarybycatella.com\/en\/privacy-policy\/\"]}]},{\"@type\":\"BreadcrumbList\",\"@id\":\"https:\/\/www.marketsummarybycatella.com\/en\/privacy-policy\/#breadcrumb\",\"itemListElement\":[{\"@type\":\"ListItem\",\"position\":1,\"name\":\"Home\",\"item\":\"https:\/\/www.marketsummarybycatella.com\/en\/\"},{\"@type\":\"ListItem\",\"position\":2,\"name\":\"Privacy policy\"}]},{\"@type\":\"WebSite\",\"@id\":\"https:\/\/www.marketsummarybycatella.com\/#website\",\"url\":\"https:\/\/www.marketsummarybycatella.com\/\",\"name\":\"Market summary by Catella\",\"description\":\"En collaboration avec MBE Conseil\",\"publisher\":{\"@id\":\"https:\/\/www.marketsummarybycatella.com\/#organization\"},\"potentialAction\":[{\"@type\":\"SearchAction\",\"target\":{\"@type\":\"EntryPoint\",\"urlTemplate\":\"https:\/\/www.marketsummarybycatella.com\/?s={search_term_string}\"},\"query-input\":{\"@type\":\"PropertyValueSpecification\",\"valueRequired\":true,\"valueName\":\"search_term_string\"}}],\"inLanguage\":\"en-US\"},{\"@type\":\"Organization\",\"@id\":\"https:\/\/www.marketsummarybycatella.com\/#organization\",\"name\":\"Market summary by Catella\",\"url\":\"https:\/\/www.marketsummarybycatella.com\/\",\"logo\":{\"@type\":\"ImageObject\",\"inLanguage\":\"en-US\",\"@id\":\"https:\/\/www.marketsummarybycatella.com\/#\/schema\/logo\/image\/\",\"url\":\"https:\/\/www.marketsummarybycatella.com\/wp-content\/uploads\/2022\/03\/logo.jpg\",\"contentUrl\":\"https:\/\/www.marketsummarybycatella.com\/wp-content\/uploads\/2022\/03\/logo.jpg\",\"width\":460,\"height\":440,\"caption\":\"Market summary by Catella\"},\"image\":{\"@id\":\"https:\/\/www.marketsummarybycatella.com\/#\/schema\/logo\/image\/\"}}]}<\/script>\n<!-- \/ Yoast SEO plugin. -->","yoast_head_json":{"title":"Privacy policy | Market summary by Catella","robots":{"index":"index","follow":"follow","max-snippet":"max-snippet:-1","max-image-preview":"max-image-preview:large","max-video-preview":"max-video-preview:-1"},"canonical":"https:\/\/www.marketsummarybycatella.com\/en\/privacy-policy\/","og_locale":"en_US","og_type":"article","og_title":"Privacy policy | Market summary by Catella","og_description":"Privacy Policy This document explains inform you about CATELLA PROPERTY policy on the collection, use and disclosure of personal data (\u00ab\u00a0Privacy Policy\u00a0\u00bb). The Privacy Policy applies for the collection of your data by CATELLA PROPERTY when you visit the website\u00a0http:\/\/www.marketsummarybycatella.com\/ The Privacy Policy allows you to know easily, clearly, and transparently about the origin and [&hellip;]","og_url":"https:\/\/www.marketsummarybycatella.com\/en\/privacy-policy\/","og_site_name":"Market summary by Catella","article_modified_time":"2022-10-07T11:26:28+00:00","twitter_card":"summary_large_image","twitter_misc":{"Est. reading time":"5 minutes"},"schema":{"@context":"https:\/\/schema.org","@graph":[{"@type":"WebPage","@id":"https:\/\/www.marketsummarybycatella.com\/en\/privacy-policy\/","url":"https:\/\/www.marketsummarybycatella.com\/en\/privacy-policy\/","name":"Privacy policy | Market summary by Catella","isPartOf":{"@id":"https:\/\/www.marketsummarybycatella.com\/#website"},"datePublished":"2022-03-31T09:46:53+00:00","dateModified":"2022-10-07T11:26:28+00:00","breadcrumb":{"@id":"https:\/\/www.marketsummarybycatella.com\/en\/privacy-policy\/#breadcrumb"},"inLanguage":"en-US","potentialAction":[{"@type":"ReadAction","target":["https:\/\/www.marketsummarybycatella.com\/en\/privacy-policy\/"]}]},{"@type":"BreadcrumbList","@id":"https:\/\/www.marketsummarybycatella.com\/en\/privacy-policy\/#breadcrumb","itemListElement":[{"@type":"ListItem","position":1,"name":"Home","item":"https:\/\/www.marketsummarybycatella.com\/en\/"},{"@type":"ListItem","position":2,"name":"Privacy policy"}]},{"@type":"WebSite","@id":"https:\/\/www.marketsummarybycatella.com\/#website","url":"https:\/\/www.marketsummarybycatella.com\/","name":"Market summary by Catella","description":"En collaboration avec MBE Conseil","publisher":{"@id":"https:\/\/www.marketsummarybycatella.com\/#organization"},"potentialAction":[{"@type":"SearchAction","target":{"@type":"EntryPoint","urlTemplate":"https:\/\/www.marketsummarybycatella.com\/?s={search_term_string}"},"query-input":{"@type":"PropertyValueSpecification","valueRequired":true,"valueName":"search_term_string"}}],"inLanguage":"en-US"},{"@type":"Organization","@id":"https:\/\/www.marketsummarybycatella.com\/#organization","name":"Market summary by Catella","url":"https:\/\/www.marketsummarybycatella.com\/","logo":{"@type":"ImageObject","inLanguage":"en-US","@id":"https:\/\/www.marketsummarybycatella.com\/#\/schema\/logo\/image\/","url":"https:\/\/www.marketsummarybycatella.com\/wp-content\/uploads\/2022\/03\/logo.jpg","contentUrl":"https:\/\/www.marketsummarybycatella.com\/wp-content\/uploads\/2022\/03\/logo.jpg","width":460,"height":440,"caption":"Market summary by Catella"},"image":{"@id":"https:\/\/www.marketsummarybycatella.com\/#\/schema\/logo\/image\/"}}]}},"_links":{"self":[{"href":"https:\/\/www.marketsummarybycatella.com\/en\/wp-json\/wp\/v2\/pages\/267","targetHints":{"allow":["GET"]}}],"collection":[{"href":"https:\/\/www.marketsummarybycatella.com\/en\/wp-json\/wp\/v2\/pages"}],"about":[{"href":"https:\/\/www.marketsummarybycatella.com\/en\/wp-json\/wp\/v2\/types\/page"}],"author":[{"embeddable":true,"href":"https:\/\/www.marketsummarybycatella.com\/en\/wp-json\/wp\/v2\/users\/1"}],"replies":[{"embeddable":true,"href":"https:\/\/www.marketsummarybycatella.com\/en\/wp-json\/wp\/v2\/comments?post=267"}],"version-history":[{"count":9,"href":"https:\/\/www.marketsummarybycatella.com\/en\/wp-json\/wp\/v2\/pages\/267\/revisions"}],"predecessor-version":[{"id":488,"href":"https:\/\/www.marketsummarybycatella.com\/en\/wp-json\/wp\/v2\/pages\/267\/revisions\/488"}],"wp:attachment":[{"href":"https:\/\/www.marketsummarybycatella.com\/en\/wp-json\/wp\/v2\/media?parent=267"}],"curies":[{"name":"wp","href":"https:\/\/api.w.org\/{rel}","templated":true}]}}